{"id":1952,"date":"2021-01-26T02:19:06","date_gmt":"2021-01-26T01:19:06","guid":{"rendered":"https:\/\/www.lesdinettesaroulettes.com\/?page_id=1952"},"modified":"2021-01-26T02:19:06","modified_gmt":"2021-01-26T01:19:06","slug":"private-events","status":"publish","type":"page","link":"https:\/\/www.lesdinettesaroulettes.com\/en\/private-events","title":{"rendered":"Private events"},"content":{"rendered":"<section class=\"l-section wpb_row height_huge with_img parallax_fixed\"><div class=\"l-section-img\" role=\"img\" aria-label=\"Traiteur Pour Anniversaire Bapteme Evenement Particuliers\" data-img-width=\"1920\" data-img-height=\"814\" style=\"background-image: url(https:\/\/www.lesdinettesaroulettes.com\/wp-content\/uploads\/2020\/01\/traiteur-pour-anniversaire-bapteme-evenement-particuliers.jpg);\"><\/div><div class=\"l-section-overlay\" style=\"background:rgba(84,57,68,0.8)\"><\/div><div class=\"l-section-h i-cf\"><div class=\"g-cols vc_row via_flex valign_middle type_default stacking_default\"><div class=\"vc_col-sm-12 wpb_column vc_column_container us_animate_fade\" style=\"animation-delay:0.2s\"><div class=\"vc_column-inner\"><div class=\"wpb_wrapper\">[vc_custom_heading text=&#8221;TRAITEUR ANNIVERSAIRE, BAPT\u00caME &#8230;&#8221; font_container=&#8221;tag:h1|text_align:center&#8221; google_fonts=&#8221;font_family:Montserrat%3Aregular%2C700|font_style:700%20bold%20regular%3A700%3Anormal&#8221; css=&#8221;%7B%22default%22%3A%7B%22color%22%3A%22%23ffffff%22%2C%22letter-spacing%22%3A%225px%22%7D%7D&#8221;][vc_custom_heading text=&#8221;Votre traiteur anniversaire et bapt\u00eame \u00e0 N\u00eemes &amp; Montpellier&#8221; font_container=&#8221;tag:h2|text_align:center&#8221; google_fonts=&#8221;font_family:Montserrat%3Aregular%2C700|font_style:400%20regular%3A400%3Anormal&#8221; css=&#8221;%7B%22default%22%3A%7B%22color%22%3A%22%23ffffff%22%2C%22font-size%22%3A%221.2rem%22%7D%7D&#8221;]<div class=\"w-image align_center\"><div class=\"w-image-h\"><img decoding=\"async\" width=\"60\" height=\"43\" src=\"https:\/\/www.lesdinettesaroulettes.com\/wp-content\/uploads\/2020\/01\/branche-olivier-decoration-mariage-boheme-vintage.png\" class=\"attachment-full size-full\" alt=\"\" loading=\"lazy\" \/><\/div><\/div><\/div><\/div><\/div><\/div><\/div><\/section><section class=\"l-section wpb_row us_custom_ea313cf2 index1 height_medium\"><div class=\"l-section-h i-cf\"><div class=\"g-cols vc_row via_flex valign_top type_default stacking_default\"><div class=\"vc_col-sm-12 wpb_column vc_column_container us_animate_afb\" style=\"animation-delay:0.2s\"><div class=\"vc_column-inner\"><div class=\"wpb_wrapper\"><div class=\"w-image grayscale style_shadow-1 align_center\"><div class=\"w-image-h\"><img decoding=\"async\" width=\"1920\" height=\"1282\" src=\"https:\/\/www.lesdinettesaroulettes.com\/wp-content\/uploads\/2020\/01\/organisation-evenements-particuliers-traiteur-herault-gard-var-aude.jpg\" class=\"attachment-full size-full\" alt=\"\" loading=\"lazy\" srcset=\"https:\/\/www.lesdinettesaroulettes.com\/wp-content\/uploads\/2020\/01\/organisation-evenements-particuliers-traiteur-herault-gard-var-aude.jpg 1920w, https:\/\/www.lesdinettesaroulettes.com\/wp-content\/uploads\/2020\/01\/organisation-evenements-particuliers-traiteur-herault-gard-var-aude-599x400.jpg 599w, https:\/\/www.lesdinettesaroulettes.com\/wp-content\/uploads\/2020\/01\/organisation-evenements-particuliers-traiteur-herault-gard-var-aude-1198x800.jpg 1198w, https:\/\/www.lesdinettesaroulettes.com\/wp-content\/uploads\/2020\/01\/organisation-evenements-particuliers-traiteur-herault-gard-var-aude-1536x1026.jpg 1536w, https:\/\/www.lesdinettesaroulettes.com\/wp-content\/uploads\/2020\/01\/organisation-evenements-particuliers-traiteur-herault-gard-var-aude-600x400.jpg 600w\" sizes=\"auto, (max-width: 1920px) 100vw, 1920px\" \/><\/div><\/div><\/div><\/div><\/div><\/div><\/div><\/section><section class=\"l-section wpb_row us_custom_7dc34ecf height_medium full_height valign_top\"><div class=\"l-section-overlay\" style=\"background:#f5f5f5\"><\/div><div class=\"l-section-h i-cf\"><div class=\"g-cols vc_row via_flex valign_top type_default stacking_default\"><div class=\"vc_col-sm-8 wpb_column vc_column_container us_animate_afl\" style=\"animation-delay:0.2s\"><div class=\"vc_column-inner\"><div class=\"wpb_wrapper\">[vc_custom_heading text=&#8221;L&#8217;organisation&#8221; font_container=&#8221;tag:p|text_align:left&#8221; use_theme_fonts=&#8221;yes&#8221; css=&#8221;%7B%22default%22%3A%7B%22color%22%3A%22%23585857%22%2C%22line-height%22%3A%220px%22%2C%22letter-spacing%22%3A%225px%22%7D%7D&#8221;][vc_custom_heading text=&#8221;Ma\u00eetre mot d&#8217;une<br \/>\nprestation r\u00e9ussie&#8221; font_container=&#8221;tag:h1|text_align:left&#8221; use_theme_fonts=&#8221;yes&#8221; css=&#8221;%7B%22default%22%3A%7B%22color%22%3A%22%23997385%22%2C%22margin-top%22%3A%22-30px%22%7D%7D&#8221;]<div class=\"wpb_text_column\"><div class=\"wpb_wrapper\"><p>Nous ferons de chaque occasion un moment d&#8217;exception.<br \/>\nQuel que soit votre \u00e9v\u00e9nement, nous vous offrons un large \u00e9ventail de <strong>menus \u00e9labor\u00e9s \u00e0 partir de produits frais, locaux et de saison<\/strong> ainsi que des services pour aider \u00e0 rendre votre journ\u00e9e inoubliable. (d\u00e9coration, mobilier, lumi\u00e8res&#8230;). <strong>Nos \u00e9quipes vous apporterons conseils et personnalisation pour toutes vos r\u00e9ceptions priv\u00e9es.<br \/>\n<\/strong><\/p>\n<p><em>Il y a tant de moments d\u2019une vie \u00e0 partager avec ceux que nous aimons.<\/em><\/p>\n<\/div><\/div><div class=\"w-btn-wrapper align_none\"><a class=\"w-btn us-btn-style_2\" title=\"Nos r\u00e9alisations\" href=\"https:\/\/www.lesdinettesaroulettes.com\/nos-realisations\"><span class=\"w-btn-label\">D\u00e9couvrez nos r\u00e9alisations<\/span><\/a><\/div><\/div><\/div><\/div><div class=\"vc_col-sm-4 wpb_column vc_column_container has_bg_color\"><div class=\"vc_column-inner us_custom_a5624e31\"><div class=\"wpb_wrapper\"><div class=\"g-cols wpb_row via_flex valign_top type_default stacking_default\"><div class=\"vc_col-sm-12 wpb_column vc_column_container us_animate_fade\"><div class=\"vc_column-inner\"><div class=\"wpb_wrapper\"><div class=\"wpb_text_column\"><div class=\"wpb_wrapper\"><p><b>Anniversaires<\/b><\/p>\n<\/div><\/div><div class=\"w-separator us_custom_bf81054c size_small with_line width_default thick_1 style_solid color_primary align_center\"><div class=\"w-separator-h\"><\/div><\/div><\/div><\/div><\/div><\/div><div class=\"g-cols wpb_row via_flex valign_top type_default stacking_default\"><div class=\"vc_col-sm-12 wpb_column vc_column_container us_animate_fade\" style=\"animation-delay:0.2s\"><div class=\"vc_column-inner\"><div class=\"wpb_wrapper\"><div class=\"wpb_text_column\"><div class=\"wpb_wrapper\"><p><b>Bapt\u00eame &amp; Communion<\/b><\/p>\n<\/div><\/div><div class=\"w-separator us_custom_bf81054c size_small with_line width_default thick_1 style_solid color_primary align_center\"><div class=\"w-separator-h\"><\/div><\/div><\/div><\/div><\/div><\/div><div class=\"g-cols wpb_row via_flex valign_top type_default stacking_default\"><div class=\"vc_col-sm-12 wpb_column vc_column_container us_animate_fade\" style=\"animation-delay:0.4s\"><div class=\"vc_column-inner\"><div class=\"wpb_wrapper\"><div class=\"wpb_text_column\"><div class=\"wpb_wrapper\"><p><b>Lendemain de mariage<\/b><\/p>\n<\/div><\/div><div class=\"w-separator us_custom_bf81054c size_small with_line width_default thick_1 style_solid color_primary align_center\"><div class=\"w-separator-h\"><\/div><\/div><\/div><\/div><\/div><\/div><div class=\"g-cols wpb_row via_flex valign_top type_default stacking_default\"><div class=\"vc_col-sm-12 wpb_column vc_column_container us_animate_fade\" style=\"animation-delay:0.6s\"><div class=\"vc_column-inner\"><div class=\"wpb_wrapper\"><div class=\"wpb_text_column\"><div class=\"wpb_wrapper\"><p><b>Fian\u00e7ailles <\/b><\/p>\n<\/div><\/div><div class=\"w-separator us_custom_bf81054c size_small with_line width_default thick_1 style_solid color_primary align_center\"><div class=\"w-separator-h\"><\/div><\/div><\/div><\/div><\/div><\/div><div class=\"g-cols wpb_row via_flex valign_top type_default stacking_default\"><div class=\"vc_col-sm-12 wpb_column vc_column_container us_animate_fade\" style=\"animation-delay:0.8s\"><div class=\"vc_column-inner\"><div class=\"wpb_wrapper\"><div class=\"wpb_text_column\"><div class=\"wpb_wrapper\"><p><b>Babyshower<\/b><\/p>\n<\/div><\/div><div class=\"w-separator us_custom_bf81054c size_small with_line width_default thick_1 style_solid color_primary align_center\"><div class=\"w-separator-h\"><\/div><\/div><\/div><\/div><\/div><\/div><div class=\"g-cols wpb_row via_flex valign_top type_default stacking_default\"><div class=\"vc_col-sm-12 wpb_column vc_column_container us_animate_fade\" style=\"animation-delay:0.6s\"><div class=\"vc_column-inner\"><div class=\"wpb_wrapper\"><div class=\"wpb_text_column\"><div class=\"wpb_wrapper\"><p><b>Cousinade<\/b><\/p>\n<\/div><\/div><\/div><\/div><\/div><\/div><\/div><\/div><\/div><\/div><\/div><\/section>\n","protected":false},"excerpt":{"rendered":"[vc_custom_heading text=\"TRAITEUR ANNIVERSAIRE, BAPT\u00caME ...\" font_container=\"tag:h1|text_align:center\" google_fonts=\"font_family:Montserrat%3Aregular%2C700|font_style:700%20bold%20regular%3A700%3Anormal\" css=\"%7B%22default%22%3A%7B%22color%22%3A%22%23ffffff%22%2C%22letter-spacing%22%3A%225px%22%7D%7D\"][vc_custom_heading text=\"Votre traiteur anniversaire et bapt\u00eame \u00e0 N\u00eemes &amp; Montpellier\" font_container=\"tag:h2|text_align:center\" google_fonts=\"font_family:Montserrat%3Aregular%2C700|font_style:400%20regular%3A400%3Anormal\" css=\"%7B%22default%22%3A%7B%22color%22%3A%22%23ffffff%22%2C%22font-size%22%3A%221.2rem%22%7D%7D\"][vc_custom_heading text=\"L'organisation\" font_container=\"tag:p|text_align:left\" use_theme_fonts=\"yes\" css=\"%7B%22default%22%3A%7B%22color%22%3A%22%23585857%22%2C%22line-height%22%3A%220px%22%2C%22letter-spacing%22%3A%225px%22%7D%7D\"][vc_custom_heading text=\"Ma\u00eetre mot d'une prestation r\u00e9ussie\" font_container=\"tag:h1|text_align:left\" use_theme_fonts=\"yes\" css=\"%7B%22default%22%3A%7B%22color%22%3A%22%23997385%22%2C%22margin-top%22%3A%22-30px%22%7D%7D\"]Nous ferons de chaque occasion un moment d&#8217;exception. Quel que soit votre \u00e9v\u00e9nement, nous vous offrons un large \u00e9ventail de menus \u00e9labor\u00e9s \u00e0 partir...","protected":false},"author":2,"featured_media":2007,"parent":0,"menu_order":0,"comment_status":"closed","ping_status":"closed","template":"","meta":{"_seopress_robots_primary_cat":"","_seopress_titles_title":"","_seopress_titles_desc":"","_seopress_robots_index":"","footnotes":""},"class_list":["post-1952","page","type-page","status-publish","has-post-thumbnail","hentry"],"_links":{"self":[{"href":"https:\/\/www.lesdinettesaroulettes.com\/en\/wp-json\/wp\/v2\/pages\/1952","targetHints":{"allow":["GET"]}}],"collection":[{"href":"https:\/\/www.lesdinettesaroulettes.com\/en\/wp-json\/wp\/v2\/pages"}],"about":[{"href":"https:\/\/www.lesdinettesaroulettes.com\/en\/wp-json\/wp\/v2\/types\/page"}],"author":[{"embeddable":true,"href":"https:\/\/www.lesdinettesaroulettes.com\/en\/wp-json\/wp\/v2\/users\/2"}],"replies":[{"embeddable":true,"href":"https:\/\/www.lesdinettesaroulettes.com\/en\/wp-json\/wp\/v2\/comments?post=1952"}],"version-history":[{"count":0,"href":"https:\/\/www.lesdinettesaroulettes.com\/en\/wp-json\/wp\/v2\/pages\/1952\/revisions"}],"wp:featuredmedia":[{"embeddable":true,"href":"https:\/\/www.lesdinettesaroulettes.com\/en\/wp-json\/wp\/v2\/media\/2007"}],"wp:attachment":[{"href":"https:\/\/www.lesdinettesaroulettes.com\/en\/wp-json\/wp\/v2\/media?parent=1952"}],"curies":[{"name":"wp","href":"https:\/\/api.w.org\/{rel}","templated":true}]}}