{"id":1957,"date":"2021-01-26T02:22:12","date_gmt":"2021-01-26T01:22:12","guid":{"rendered":"https:\/\/www.lesdinettesaroulettes.com\/?page_id=1957"},"modified":"2021-01-26T02:22:27","modified_gmt":"2021-01-26T01:22:27","slug":"weddings","status":"publish","type":"page","link":"https:\/\/www.lesdinettesaroulettes.com\/en\/weddings","title":{"rendered":"Weddings"},"content":{"rendered":"<section class=\"l-section wpb_row height_huge with_img parallax_fixed\"><div class=\"l-section-img\" role=\"img\" aria-label=\"Organisation Decoration Traiteur Mariage Montpellier\" data-img-width=\"2048\" data-img-height=\"1536\" style=\"background-image: url(https:\/\/www.lesdinettesaroulettes.com\/wp-content\/uploads\/2020\/01\/organisation-decoration-traiteur-mariage-montpellier.jpg);\"><\/div><div class=\"l-section-overlay\" style=\"background:rgba(84,57,68,0.8)\"><\/div><div class=\"l-section-h i-cf\"><div class=\"g-cols vc_row via_flex valign_middle type_default stacking_default\"><div class=\"vc_col-sm-12 wpb_column vc_column_container us_animate_fade\" style=\"animation-delay:0.2s\"><div class=\"vc_column-inner\"><div class=\"wpb_wrapper\">[vc_custom_heading text=&#8221;VOTRE TRAITEUR MARIAGE<br \/>\n\u00e0 MONTPELLIER, N\u00ceMES ET B\u00c9ZIERS&#8221; font_container=&#8221;tag:h1|text_align:center&#8221; google_fonts=&#8221;font_family:Montserrat%3Aregular%2C700|font_style:700%20bold%20regular%3A700%3Anormal&#8221; css=&#8221;%7B%22default%22%3A%7B%22color%22%3A%22%23ffffff%22%2C%22letter-spacing%22%3A%225px%22%7D%7D&#8221;]<div class=\"w-image align_center\"><div class=\"w-image-h\"><img decoding=\"async\" width=\"60\" height=\"43\" src=\"https:\/\/www.lesdinettesaroulettes.com\/wp-content\/uploads\/2020\/01\/branche-olivier-decoration-mariage-boheme-vintage.png\" class=\"attachment-full size-full\" alt=\"\" loading=\"lazy\" \/><\/div><\/div><\/div><\/div><\/div><\/div><\/div><\/section><section class=\"l-section wpb_row us_custom_ea313cf2 index1 height_medium\"><div class=\"l-section-h i-cf\"><div class=\"g-cols vc_row via_flex valign_top type_default stacking_default\"><div class=\"vc_col-sm-12 wpb_column vc_column_container us_animate_afb\" style=\"animation-delay:0.2s\"><div class=\"vc_column-inner\"><div class=\"wpb_wrapper\"><div class=\"w-image grayscale align_center\"><div class=\"w-image-h\"><img decoding=\"async\" width=\"2048\" height=\"1365\" src=\"https:\/\/www.lesdinettesaroulettes.com\/wp-content\/uploads\/2020\/01\/traiteur-mariage-herault-gard-occitanie-montpellier.jpg\" class=\"attachment-full size-full\" alt=\"\" loading=\"lazy\" srcset=\"https:\/\/www.lesdinettesaroulettes.com\/wp-content\/uploads\/2020\/01\/traiteur-mariage-herault-gard-occitanie-montpellier.jpg 2048w, https:\/\/www.lesdinettesaroulettes.com\/wp-content\/uploads\/2020\/01\/traiteur-mariage-herault-gard-occitanie-montpellier-600x400.jpg 600w, https:\/\/www.lesdinettesaroulettes.com\/wp-content\/uploads\/2020\/01\/traiteur-mariage-herault-gard-occitanie-montpellier-1200x800.jpg 1200w, https:\/\/www.lesdinettesaroulettes.com\/wp-content\/uploads\/2020\/01\/traiteur-mariage-herault-gard-occitanie-montpellier-1536x1024.jpg 1536w\" sizes=\"auto, (max-width: 2048px) 100vw, 2048px\" \/><\/div><\/div><\/div><\/div><\/div><\/div><\/div><\/section><section class=\"l-section wpb_row us_custom_e41d488a height_medium full_height valign_center\"><div class=\"l-section-overlay\" style=\"background:#f5f5f5\"><\/div><div class=\"l-section-h i-cf\"><div class=\"g-cols vc_row via_flex valign_middle type_default stacking_default\" style=\"--additional-gap:20px;\"><div class=\"vc_col-sm-2\/5 wpb_column vc_column_container has_bg_color us_animate_afl\" style=\"animation-delay:0.2s\"><div class=\"vc_column-inner us_custom_a5624e31\"><div class=\"wpb_wrapper\">[vc_custom_heading text=&#8221;Planifions ensemble&#8221; font_container=&#8221;tag:p|text_align:left&#8221; use_theme_fonts=&#8221;yes&#8221; css=&#8221;%7B%22default%22%3A%7B%22color%22%3A%22%23585857%22%2C%22line-height%22%3A%220px%22%2C%22letter-spacing%22%3A%225px%22%7D%7D&#8221;][vc_custom_heading text=&#8221;Le plus beau jour<br \/>\nde votre vie&#8221; font_container=&#8221;tag:h1|text_align:left&#8221; use_theme_fonts=&#8221;yes&#8221; css=&#8221;%7B%22default%22%3A%7B%22color%22%3A%22%236e2c38%22%2C%22margin-top%22%3A%22-30px%22%7D%7D&#8221;]<div class=\"wpb_text_column\"><div class=\"wpb_wrapper\"><p>Votre mariage est un \u00e9v\u00e9nement <strong>unique<\/strong>. Pour qu&#8217;il reste grav\u00e9 dans votre m\u00e9moire, nous mettrons tout en \u0153uvre pour vous accompagner dans l&#8217;organisation de votre r\u00e9ception.<\/p>\n<p>Du cocktail au repas, vous serez s\u00e9duit par l&#8217;originalit\u00e9 et la saveur de nos cr\u00e9ations, pour combler toutes les papilles, nous b\u00e9n\u00e9ficions d&#8217;une<strong> forte exp\u00e9rience<\/strong> coupl\u00e9e <strong>d&#8217;originalit\u00e9<\/strong>, <strong>d&#8217;audace<\/strong> de <strong>spontan\u00e9it\u00e9<\/strong> et <strong>professionnalisme.<\/strong> En somme, nous vous garantissons un cocktail \u00e9quilibr\u00e9 pour un mariage r\u00e9ussi.<\/p>\n<p><em>Confiez nous le plus beau jour de votre vie !<\/em><\/p>\n<\/div><\/div><div class=\"w-btn-wrapper align_none\"><a class=\"w-btn us-btn-style_2\" title=\"Nos r\u00e9alisations\" href=\"https:\/\/www.lesdinettesaroulettes.com\/nos-realisations\"><span class=\"w-btn-label\">D\u00e9couvrez nos r\u00e9alisations<\/span><\/a><\/div><\/div><\/div><\/div><div class=\"vc_col-sm-2 wpb_column vc_column_container\"><div class=\"vc_column-inner us_custom_5ab5808e\"><div class=\"wpb_wrapper\"><div class=\"g-cols wpb_row via_flex valign_top type_default stacking_default\"><div class=\"vc_col-sm-12 wpb_column vc_column_container\"><div class=\"vc_column-inner\"><div class=\"wpb_wrapper\"><div class=\"w-image align_right\"><div class=\"w-image-h\"><img decoding=\"async\" width=\"79\" height=\"636\" src=\"https:\/\/www.lesdinettesaroulettes.com\/wp-content\/uploads\/2020\/02\/planning-mariage-montpellier-traiteur.png\" class=\"attachment-full size-full\" alt=\"\" loading=\"lazy\" \/><\/div><\/div><\/div><\/div><\/div><\/div><\/div><\/div><\/div><div class=\"vc_col-sm-2\/5 wpb_column vc_column_container\"><div class=\"vc_column-inner\"><div class=\"wpb_wrapper\"><div class=\"g-cols wpb_row us_custom_0327f43d via_flex valign_top type_default stacking_default\"><div class=\"vc_col-sm-12 wpb_column vc_column_container us_animate_fade\"><div class=\"vc_column-inner\"><div class=\"wpb_wrapper\">[vc_custom_heading text=&#8221;R\u00e9tro-planning de votre mariage&#8221; font_container=&#8221;tag:h3|text_align:left&#8221; google_fonts=&#8221;font_family:Montserrat%3Aregular%2C700|font_style:700%20bold%20regular%3A700%3Anormal&#8221; css=&#8221;%7B%22default%22%3A%7B%22color%22%3A%22%23543944%22%2C%22font-size%22%3A%221.2em%22%2C%22margin-top%22%3A%22-30px%22%7D%7D&#8221;]<div class=\"wpb_text_column\"><div class=\"wpb_wrapper\"><p><strong>J-18mois<\/strong><br \/>\nDemande d\u2019envoi de brochure<\/p>\n<\/div><\/div><div class=\"wpb_text_column\"><div class=\"wpb_wrapper\"><p><strong>J-16mois<\/strong><br \/>\nPremier rendez vous et devis personnalis\u00e9<br \/>\nR\u00e9servation de la date<\/p>\n<\/div><\/div><div class=\"wpb_text_column\"><div class=\"wpb_wrapper\"><p><strong>J-12mois<\/strong><br \/>\nD\u00e9gustation du vin d\u2019honneur, plat et desserts<br \/>\nR\u00e9servation du mobilier compl\u00e9mentaire<\/p>\n<\/div><\/div><div class=\"wpb_text_column\"><div class=\"wpb_wrapper\"><p><strong>J-6mois<\/strong><br \/>\nChoix des plats, de la mise de table.<\/p>\n<\/div><\/div><div class=\"wpb_text_column\"><div class=\"wpb_wrapper\"><p><strong>J-1mois<\/strong><br \/>\nRendez vous technique sur place<\/p>\n<\/div><\/div><div class=\"wpb_text_column\"><div class=\"wpb_wrapper\"><p><strong>J-15 jours<\/strong><br \/>\nConfirmation du nombres de convives d\u00e9finitif<\/p>\n<\/div><\/div><div class=\"wpb_text_column\"><div class=\"wpb_wrapper\"><p><strong>J-J<\/strong><br \/>\nC\u2019est le grand jour. Profitez pleinement de ce beau jour, nous sommes l\u00e0 pour vous.<\/p>\n<\/div><\/div><\/div><\/div><\/div><\/div><\/div><\/div><\/div><\/div><\/div><\/section><section class=\"l-section wpb_row us_custom_29930c3d height_medium width_full\"><div class=\"l-section-h i-cf\"><div class=\"g-cols vc_row via_flex valign_top type_default stacking_default\"><div class=\"vc_col-sm-12 wpb_column vc_column_container\"><div class=\"vc_column-inner\"><div class=\"wpb_wrapper\"><div class=\"w-grid us_carousel type_carousel layout_gallery_default preload_style_spinner items_2\" id=\"us_grid_1\" style=\"--items:2;--gap:1.5rem;\"><style>.layout_gallery_default .w-grid-item-h{}<\/style><div class=\"w-grid-list owl-carousel valign_stretch dotstyle_circle navstyle_circle arrows-ver-pos_middle arrows-hor-pos_on_sides_outside arrows-disabled_hide owl-responsive-2000 with_dots\" style=\"--transition-duration:2000;\">\t<article class=\"w-grid-item post-2091 attachment type-attachment status-inherit hentry\" data-id=\"2091\">\r\n\t\t<div class=\"w-grid-item-h\">\r\n\t\t\t\t\t\t<div class=\"w-post-elm post_image usg_post_image_1 stretched\"><img decoding=\"async\" width=\"1140\" height=\"760\" src=\"https:\/\/www.lesdinettesaroulettes.com\/wp-content\/uploads\/2021\/01\/IMG_4235-1200x800.jpg\" class=\"attachment-large size-large\" alt=\"\" srcset=\"https:\/\/www.lesdinettesaroulettes.com\/wp-content\/uploads\/2021\/01\/IMG_4235-1200x800.jpg 1200w, https:\/\/www.lesdinettesaroulettes.com\/wp-content\/uploads\/2021\/01\/IMG_4235-600x400.jpg 600w, https:\/\/www.lesdinettesaroulettes.com\/wp-content\/uploads\/2021\/01\/IMG_4235.jpg 1500w\" sizes=\"(max-width: 1140px) 100vw, 1140px\" \/><\/div>\t\t<\/div>\r\n\t\t\t<\/article>\r\n\t<article class=\"w-grid-item post-2090 attachment type-attachment status-inherit hentry\" data-id=\"2090\">\r\n\t\t<div class=\"w-grid-item-h\">\r\n\t\t\t\t\t\t<div class=\"w-post-elm post_image usg_post_image_1 stretched\"><img decoding=\"async\" width=\"1140\" height=\"761\" src=\"https:\/\/www.lesdinettesaroulettes.com\/wp-content\/uploads\/2021\/01\/dinette-a-roulettes-16-1198x800.jpg\" class=\"attachment-large size-large\" alt=\"\" srcset=\"https:\/\/www.lesdinettesaroulettes.com\/wp-content\/uploads\/2021\/01\/dinette-a-roulettes-16-1198x800.jpg 1198w, https:\/\/www.lesdinettesaroulettes.com\/wp-content\/uploads\/2021\/01\/dinette-a-roulettes-16-599x400.jpg 599w, https:\/\/www.lesdinettesaroulettes.com\/wp-content\/uploads\/2021\/01\/dinette-a-roulettes-16-1536x1025.jpg 1536w, https:\/\/www.lesdinettesaroulettes.com\/wp-content\/uploads\/2021\/01\/dinette-a-roulettes-16-2048x1367.jpg 2048w, https:\/\/www.lesdinettesaroulettes.com\/wp-content\/uploads\/2021\/01\/dinette-a-roulettes-16-600x400.jpg 600w\" sizes=\"(max-width: 1140px) 100vw, 1140px\" \/><\/div>\t\t<\/div>\r\n\t\t\t<\/article>\r\n\t<article class=\"w-grid-item post-2089 attachment type-attachment status-inherit hentry\" data-id=\"2089\">\r\n\t\t<div class=\"w-grid-item-h\">\r\n\t\t\t\t\t\t<div class=\"w-post-elm post_image usg_post_image_1 stretched\"><img decoding=\"async\" width=\"900\" height=\"600\" src=\"https:\/\/www.lesdinettesaroulettes.com\/wp-content\/uploads\/2021\/01\/dessert-PH-1378.jpg\" class=\"attachment-large size-large\" alt=\"\" srcset=\"https:\/\/www.lesdinettesaroulettes.com\/wp-content\/uploads\/2021\/01\/dessert-PH-1378.jpg 900w, https:\/\/www.lesdinettesaroulettes.com\/wp-content\/uploads\/2021\/01\/dessert-PH-1378-600x400.jpg 600w\" sizes=\"(max-width: 900px) 100vw, 900px\" \/><\/div>\t\t<\/div>\r\n\t\t\t<\/article>\r\n\t<article class=\"w-grid-item post-2088 attachment type-attachment status-inherit hentry\" data-id=\"2088\">\r\n\t\t<div class=\"w-grid-item-h\">\r\n\t\t\t\t\t\t<div class=\"w-post-elm post_image usg_post_image_1 stretched\"><img decoding=\"async\" width=\"1140\" height=\"760\" src=\"https:\/\/www.lesdinettesaroulettes.com\/wp-content\/uploads\/2021\/01\/Nicolas-Terraes-260820-388-1200x800.jpg\" class=\"attachment-large size-large\" alt=\"\" srcset=\"https:\/\/www.lesdinettesaroulettes.com\/wp-content\/uploads\/2021\/01\/Nicolas-Terraes-260820-388-1200x800.jpg 1200w, https:\/\/www.lesdinettesaroulettes.com\/wp-content\/uploads\/2021\/01\/Nicolas-Terraes-260820-388-600x400.jpg 600w, https:\/\/www.lesdinettesaroulettes.com\/wp-content\/uploads\/2021\/01\/Nicolas-Terraes-260820-388-1536x1024.jpg 1536w, https:\/\/www.lesdinettesaroulettes.com\/wp-content\/uploads\/2021\/01\/Nicolas-Terraes-260820-388-2048x1365.jpg 2048w\" sizes=\"(max-width: 1140px) 100vw, 1140px\" \/><\/div>\t\t<\/div>\r\n\t\t\t<\/article>\r\n\t<article class=\"w-grid-item post-2087 attachment type-attachment status-inherit hentry\" data-id=\"2087\">\r\n\t\t<div class=\"w-grid-item-h\">\r\n\t\t\t\t\t\t<div class=\"w-post-elm post_image usg_post_image_1 stretched\"><img decoding=\"async\" width=\"1140\" height=\"761\" src=\"https:\/\/www.lesdinettesaroulettes.com\/wp-content\/uploads\/2021\/01\/marine-et-maximilian-000-450.jpg-1198x800.jpg\" class=\"attachment-large size-large\" alt=\"mariage traiteur catering food r\u00e9ception tente stretch south of France\" srcset=\"https:\/\/www.lesdinettesaroulettes.com\/wp-content\/uploads\/2021\/01\/marine-et-maximilian-000-450.jpg-1198x800.jpg 1198w, https:\/\/www.lesdinettesaroulettes.com\/wp-content\/uploads\/2021\/01\/marine-et-maximilian-000-450.jpg-599x400.jpg 599w, https:\/\/www.lesdinettesaroulettes.com\/wp-content\/uploads\/2021\/01\/marine-et-maximilian-000-450.jpg-1536x1025.jpg 1536w, https:\/\/www.lesdinettesaroulettes.com\/wp-content\/uploads\/2021\/01\/marine-et-maximilian-000-450.jpg-2048x1367.jpg 2048w, https:\/\/www.lesdinettesaroulettes.com\/wp-content\/uploads\/2021\/01\/marine-et-maximilian-000-450.jpg-600x400.jpg 600w\" sizes=\"(max-width: 1140px) 100vw, 1140px\" \/><\/div>\t\t<\/div>\r\n\t\t\t<\/article>\r\n\t<article class=\"w-grid-item post-2201 attachment type-attachment status-inherit hentry\" data-id=\"2201\">\r\n\t\t<div class=\"w-grid-item-h\">\r\n\t\t\t\t\t\t<div class=\"w-post-elm post_image usg_post_image_1 stretched\"><img decoding=\"async\" width=\"1140\" height=\"761\" src=\"https:\/\/www.lesdinettesaroulettes.com\/wp-content\/uploads\/2021\/01\/dinette-a-roulettes-08-1198x800.jpg\" class=\"attachment-large size-large\" alt=\"\" srcset=\"https:\/\/www.lesdinettesaroulettes.com\/wp-content\/uploads\/2021\/01\/dinette-a-roulettes-08-1198x800.jpg 1198w, https:\/\/www.lesdinettesaroulettes.com\/wp-content\/uploads\/2021\/01\/dinette-a-roulettes-08-599x400.jpg 599w, https:\/\/www.lesdinettesaroulettes.com\/wp-content\/uploads\/2021\/01\/dinette-a-roulettes-08-1536x1025.jpg 1536w, https:\/\/www.lesdinettesaroulettes.com\/wp-content\/uploads\/2021\/01\/dinette-a-roulettes-08-2048x1367.jpg 2048w, https:\/\/www.lesdinettesaroulettes.com\/wp-content\/uploads\/2021\/01\/dinette-a-roulettes-08-600x400.jpg 600w\" sizes=\"(max-width: 1140px) 100vw, 1140px\" \/><\/div>\t\t<\/div>\r\n\t\t\t<\/article>\r\n\t<article class=\"w-grid-item post-2200 attachment type-attachment status-inherit hentry\" data-id=\"2200\">\r\n\t\t<div class=\"w-grid-item-h\">\r\n\t\t\t\t\t\t<div class=\"w-post-elm post_image usg_post_image_1 stretched\"><img decoding=\"async\" width=\"900\" height=\"600\" src=\"https:\/\/www.lesdinettesaroulettes.com\/wp-content\/uploads\/2021\/01\/photo-PH-1153.jpg\" class=\"attachment-large size-large\" alt=\"mariage Domaine de Sarson Provence Wedding bohowedding r\u00e9ception traiteur Sud de France frenchriviera\" srcset=\"https:\/\/www.lesdinettesaroulettes.com\/wp-content\/uploads\/2021\/01\/photo-PH-1153.jpg 900w, https:\/\/www.lesdinettesaroulettes.com\/wp-content\/uploads\/2021\/01\/photo-PH-1153-600x400.jpg 600w\" sizes=\"(max-width: 900px) 100vw, 900px\" \/><\/div>\t\t<\/div>\r\n\t\t\t<\/article>\r\n\t<article class=\"w-grid-item post-2177 attachment type-attachment status-inherit hentry\" data-id=\"2177\">\r\n\t\t<div class=\"w-grid-item-h\">\r\n\t\t\t\t\t\t<div class=\"w-post-elm post_image usg_post_image_1 stretched\"><img decoding=\"async\" width=\"1140\" height=\"760\" src=\"https:\/\/www.lesdinettesaroulettes.com\/wp-content\/uploads\/2020\/11\/8R1A8317-2-1200x800.jpg\" class=\"attachment-large size-large\" alt=\"\" srcset=\"https:\/\/www.lesdinettesaroulettes.com\/wp-content\/uploads\/2020\/11\/8R1A8317-2-1200x800.jpg 1200w, https:\/\/www.lesdinettesaroulettes.com\/wp-content\/uploads\/2020\/11\/8R1A8317-2-600x400.jpg 600w, https:\/\/www.lesdinettesaroulettes.com\/wp-content\/uploads\/2020\/11\/8R1A8317-2-1536x1024.jpg 1536w, https:\/\/www.lesdinettesaroulettes.com\/wp-content\/uploads\/2020\/11\/8R1A8317-2-2048x1365.jpg 2048w\" sizes=\"(max-width: 1140px) 100vw, 1140px\" \/><\/div>\t\t<\/div>\r\n\t\t\t<\/article>\r\n\t<article class=\"w-grid-item post-2080 attachment type-attachment status-inherit hentry\" data-id=\"2080\">\r\n\t\t<div class=\"w-grid-item-h\">\r\n\t\t\t\t\t\t<div class=\"w-post-elm post_image usg_post_image_1 stretched\"><img decoding=\"async\" width=\"1067\" height=\"800\" src=\"https:\/\/www.lesdinettesaroulettes.com\/wp-content\/uploads\/2020\/02\/traiteur-original-a-montpellier-1067x800.jpg\" class=\"attachment-large size-large\" alt=\"\" srcset=\"https:\/\/www.lesdinettesaroulettes.com\/wp-content\/uploads\/2020\/02\/traiteur-original-a-montpellier-1067x800.jpg 1067w, https:\/\/www.lesdinettesaroulettes.com\/wp-content\/uploads\/2020\/02\/traiteur-original-a-montpellier-533x400.jpg 533w, https:\/\/www.lesdinettesaroulettes.com\/wp-content\/uploads\/2020\/02\/traiteur-original-a-montpellier-1536x1152.jpg 1536w, https:\/\/www.lesdinettesaroulettes.com\/wp-content\/uploads\/2020\/02\/traiteur-original-a-montpellier.jpg 1920w\" sizes=\"(max-width: 1067px) 100vw, 1067px\" \/><\/div>\t\t<\/div>\r\n\t\t\t<\/article>\r\n\t<article class=\"w-grid-item post-2077 attachment type-attachment status-inherit hentry\" data-id=\"2077\">\r\n\t\t<div class=\"w-grid-item-h\">\r\n\t\t\t\t\t\t<div class=\"w-post-elm post_image usg_post_image_1 stretched\"><img decoding=\"async\" width=\"1067\" height=\"800\" src=\"https:\/\/www.lesdinettesaroulettes.com\/wp-content\/uploads\/2020\/02\/traiteur-mariage-a-beziers-1067x800.jpg\" class=\"attachment-large size-large\" alt=\"\" srcset=\"https:\/\/www.lesdinettesaroulettes.com\/wp-content\/uploads\/2020\/02\/traiteur-mariage-a-beziers-1067x800.jpg 1067w, https:\/\/www.lesdinettesaroulettes.com\/wp-content\/uploads\/2020\/02\/traiteur-mariage-a-beziers-533x400.jpg 533w, https:\/\/www.lesdinettesaroulettes.com\/wp-content\/uploads\/2020\/02\/traiteur-mariage-a-beziers-1536x1152.jpg 1536w, https:\/\/www.lesdinettesaroulettes.com\/wp-content\/uploads\/2020\/02\/traiteur-mariage-a-beziers-2048x1536.jpg 2048w\" sizes=\"(max-width: 1067px) 100vw, 1067px\" \/><\/div>\t\t<\/div>\r\n\t\t\t<\/article>\r\n\t<article class=\"w-grid-item post-2076 attachment type-attachment status-inherit hentry\" data-id=\"2076\">\r\n\t\t<div class=\"w-grid-item-h\">\r\n\t\t\t\t\t\t<div class=\"w-post-elm post_image usg_post_image_1 stretched\"><img decoding=\"async\" width=\"1067\" height=\"800\" src=\"https:\/\/www.lesdinettesaroulettes.com\/wp-content\/uploads\/2020\/02\/traiteur-mariage-a-nimes-1067x800.jpg\" class=\"attachment-large size-large\" alt=\"\" srcset=\"https:\/\/www.lesdinettesaroulettes.com\/wp-content\/uploads\/2020\/02\/traiteur-mariage-a-nimes-1067x800.jpg 1067w, https:\/\/www.lesdinettesaroulettes.com\/wp-content\/uploads\/2020\/02\/traiteur-mariage-a-nimes-533x400.jpg 533w, https:\/\/www.lesdinettesaroulettes.com\/wp-content\/uploads\/2020\/02\/traiteur-mariage-a-nimes-1536x1152.jpg 1536w, https:\/\/www.lesdinettesaroulettes.com\/wp-content\/uploads\/2020\/02\/traiteur-mariage-a-nimes.jpg 1920w\" sizes=\"(max-width: 1067px) 100vw, 1067px\" \/><\/div>\t\t<\/div>\r\n\t\t\t<\/article>\r\n<\/div><div class=\"w-grid-carousel-json hidden\" onclick='return {&quot;carousel_settings&quot;:{&quot;aria_labels&quot;:{&quot;prev&quot;:&quot;Previous&quot;,&quot;next&quot;:&quot;Next&quot;},&quot;autoplayContinual&quot;:true,&quot;autoplayContinualCss&quot;:false,&quot;autoplayHoverPause&quot;:false,&quot;autoplayTimeout&quot;:3000,&quot;autoWidth&quot;:false,&quot;smartSpeed&quot;:2000,&quot;margin&quot;:0,&quot;mouseDrag&quot;:true,&quot;rtl&quot;:false,&quot;slideBy&quot;:&quot;1&quot;,&quot;touchDrag&quot;:true,&quot;slideTransition&quot;:&quot;&quot;,&quot;responsive&quot;:{&quot;0&quot;:{&quot;autoHeight&quot;:false,&quot;autoplay&quot;:false,&quot;autoplayContinualCss&quot;:false,&quot;autoWidth&quot;:false,&quot;center&quot;:false,&quot;dots&quot;:false,&quot;items&quot;:1,&quot;loop&quot;:false,&quot;nav&quot;:false,&quot;stagePadding&quot;:0,&quot;slideBy&quot;:&quot;1&quot;,&quot;touchDrag&quot;:true,&quot;mouseDrag&quot;:true},&quot;601&quot;:{&quot;items&quot;:2,&quot;autoplay&quot;:true,&quot;autoplayContinualCss&quot;:false,&quot;center&quot;:false,&quot;dots&quot;:true,&quot;nav&quot;:false,&quot;autoHeight&quot;:false,&quot;autoWidth&quot;:false,&quot;loop&quot;:true,&quot;stagePadding&quot;:0}}}}'><\/div><\/div><\/div><\/div><\/div><\/div><\/div><\/section>\n","protected":false},"excerpt":{"rendered":"","protected":false},"author":2,"featured_media":2092,"parent":0,"menu_order":0,"comment_status":"closed","ping_status":"closed","template":"","meta":{"_seopress_robots_primary_cat":"","_seopress_titles_title":"","_seopress_titles_desc":"","_seopress_robots_index":"","footnotes":""},"class_list":["post-1957","page","type-page","status-publish","has-post-thumbnail","hentry"],"_links":{"self":[{"href":"https:\/\/www.lesdinettesaroulettes.com\/en\/wp-json\/wp\/v2\/pages\/1957","targetHints":{"allow":["GET"]}}],"collection":[{"href":"https:\/\/www.lesdinettesaroulettes.com\/en\/wp-json\/wp\/v2\/pages"}],"about":[{"href":"https:\/\/www.lesdinettesaroulettes.com\/en\/wp-json\/wp\/v2\/types\/page"}],"author":[{"embeddable":true,"href":"https:\/\/www.lesdinettesaroulettes.com\/en\/wp-json\/wp\/v2\/users\/2"}],"replies":[{"embeddable":true,"href":"https:\/\/www.lesdinettesaroulettes.com\/en\/wp-json\/wp\/v2\/comments?post=1957"}],"version-history":[{"count":0,"href":"https:\/\/www.lesdinettesaroulettes.com\/en\/wp-json\/wp\/v2\/pages\/1957\/revisions"}],"wp:featuredmedia":[{"embeddable":true,"href":"https:\/\/www.lesdinettesaroulettes.com\/en\/wp-json\/wp\/v2\/media\/2092"}],"wp:attachment":[{"href":"https:\/\/www.lesdinettesaroulettes.com\/en\/wp-json\/wp\/v2\/media?parent=1957"}],"curies":[{"name":"wp","href":"https:\/\/api.w.org\/{rel}","templated":true}]}}