{"id":1958,"date":"2021-01-26T02:23:07","date_gmt":"2021-01-26T01:23:07","guid":{"rendered":"https:\/\/www.lesdinettesaroulettes.com\/?page_id=1958"},"modified":"2021-01-26T02:23:07","modified_gmt":"2021-01-26T01:23:07","slug":"legal-notice","status":"publish","type":"page","link":"https:\/\/www.lesdinettesaroulettes.com\/en\/legal-notice","title":{"rendered":"Legal Notice"},"content":{"rendered":"<section class=\"l-section wpb_row height_medium\"><div class=\"l-section-h i-cf\"><div class=\"g-cols vc_row via_flex valign_top type_default stacking_default\"><div class=\"vc_col-sm-12 wpb_column vc_column_container\"><div class=\"vc_column-inner\"><div class=\"wpb_wrapper\"><div class=\"wpb_text_column\"><div class=\"wpb_wrapper\"><div class=\"l-main\">\n<div class=\"l-main-h i-cf\">\n<section class=\"l-section wpb_row height_small\">\n<div class=\"l-section-h i-cf\">\n<div class=\"g-cols vc_row type_default valign_top\">\n<div class=\"vc_col-sm-12 wpb_column vc_column_container\">\n<div class=\"vc_column-inner\">\n<div class=\"wpb_wrapper\">\n<h1 class=\"vc_custom_heading\" style=\"text-align: center;\"><span style=\"color: #000000;\">Mentions L\u00e9gales<\/span><\/h1>\n<p style=\"text-align: right;\"><span style=\"color: #000000;\"><em>Version 1.0 du <strong>12\/12\/2019<\/strong><\/em><\/span><\/p>\n<div class=\"wpb_text_column \">\n<div class=\"wpb_wrapper\">\n<h2><span style=\"color: #000000;\">\u00c9diteur :<\/span><\/h2>\n<p><span style=\"color: #000000;\">Ce site est \u00e9dit\u00e9 par <strong>HAPPY DAY EVENTS,<\/strong><\/span><br \/>\n<span style=\"color: #000000;\">dont le si\u00e8ge social est \u00e9tabli :<\/span><br \/>\n212 RUE DES COMPAGNONS<br \/>\n34400 LUNEL-VIEL<br \/>\n<span style=\"color: #000000;\">FRANCE<\/span><\/p>\n<p><span style=\"color: #000000;\">SIRET : 823 936 026 00017<\/span><br \/>\n<span style=\"color: #000000;\">APE : 5610C \u2013 <\/span>Restauration de type rapide<br \/>\n<span style=\"color: #000000;\">Forme juridique : SAS<\/span><br \/>\n<span style=\"color: #000000;\">RCS Montpellier B 823 936 026<br \/>\n<\/span><\/p>\n<p><span style=\"color: #000000;\">Directeur de la publication : Richard LAMMERS<\/span><\/p>\n<h2><span style=\"color: #000000;\">H\u00e9bergeur :<\/span><\/h2>\n<p><span style=\"color: #000000;\">Ce site est h\u00e9berg\u00e9 par <strong>WP Serveur SARL<\/strong><\/span><br \/>\n<span style=\"color: #000000;\">dont le si\u00e8ge social est \u00e9tabli :<\/span><br \/>\n<span style=\"color: #000000;\">7 rue de la Cit\u00e9 Foulc 30000 N\u00eemes, inscrite au RCS de N\u00eemes sous le num\u00e9ro 808 840 474, n\u00b0 de\u00a0TVA FR86808840474, repr\u00e9sent\u00e9e par\u00a0son dirigeant l\u00e9gal Fabrice Ducarme.<\/span><\/p>\n<h2><span style=\"color: #000000;\">Concepteur :<\/span><\/h2>\n<p><span style=\"color: #000000;\">Le site 10gital.fr est un site con\u00e7u par <strong>10gital SAS<\/strong><\/span><br \/>\n<span style=\"color: #000000;\">dont le si\u00e8ge social est \u00e9tabli :<\/span><br \/>\n<span style=\"color: #000000;\">86 rue Pierre et Marie Curie<\/span><br \/>\n<span style=\"color: #000000;\">34430 ST JEAN DE VEDAS<\/span><\/p>\n<p><span style=\"color: #000000;\">SIRET : 822 588 869 00021<\/span><br \/>\n<span style=\"color: #000000;\">APE 7021Z \u2013 Conseil en relations publiques et communication<\/span><br \/>\n<span style=\"color: #000000;\">RCS Montpellier 822 588 869 | SAS unipersonnelle au capital de 1 000 euros<\/span><\/p>\n<h2><span style=\"color: #000000;\">Donn\u00e9es Personnelles<\/span><\/h2>\n<p><span style=\"color: #000000;\">Voir la <a style=\"color: #000000;\" href=\"https:\/\/www.lesdinettesaroulettes.com\/politique-de-confidentialite\">Politique de Confidentialit\u00e9<\/a><\/span><\/p>\n<h3><span style=\"color: #000000;\"><strong>Responsabilit\u00e9 : <\/strong><\/span><\/h3>\n<p><span style=\"color: #000000;\">Le site contient des liens hypertextes renvoyant \u00e0 d\u2019autres sites Internet. L\u2019\u00e9diteur ne peut \u00eatre tenu pour responsable de la mise \u00e0 disposition de ces sites et sources externes, et ne peut endosser la responsabilit\u00e9 quant aux contenus cr\u00e9\u00e9s ou publi\u00e9s sur des sites tiers.<\/span><\/p>\n<h3><span style=\"color: #000000;\">Propri\u00e9t\u00e9 intellectuelle :<\/span><\/h3>\n<p><span style=\"color: #000000;\">L\u2019ensemble du contenu et des \u00e9l\u00e9ments disponibles sur ce site \u2013 en particulier, mais de fa\u00e7on non limitative, les textes, les bases de donn\u00e9es, les photos, les films, les sons, la musique et les logos \u2013 sont prot\u00e9g\u00e9s par des copyrights, droits de protection de base de donn\u00e9es, marques d\u00e9pos\u00e9es, marques de service, brevets, secrets industriels ou autres droits et lois sur la propri\u00e9t\u00e9.<\/span><\/p>\n<p><span style=\"color: #000000;\">Les noms WP Serveur, <strong>beenome<\/strong> et <strong>10gital<\/strong>, leur logo, ainsi que les noms de produits et de services, s\u2019y rapportant <strong>sont des marques d\u00e9pos\u00e9es <\/strong>et ne peuvent pas \u00eatre utilis\u00e9s \u00e0 des fins commerciales sans consentement \u00e9crit pr\u00e9alable. Toutes les autres marques de produits et de services de ce site sont des marques d\u00e9pos\u00e9es de leurs propri\u00e9taires respectifs.<\/span><\/p>\n<\/div>\n<\/div>\n<\/div>\n<\/div>\n<\/div>\n<\/div>\n<\/div>\n<\/section>\n<\/div>\n<\/div>\n<\/div><\/div><\/div><\/div><\/div><\/div><\/div><\/section>\n","protected":false},"excerpt":{"rendered":"Mentions L\u00e9gales Version 1.0 du 12\/12\/2019 \u00c9diteur : Ce site est \u00e9dit\u00e9 par HAPPY DAY EVENTS, dont le si\u00e8ge social est \u00e9tabli : 212 RUE DES COMPAGNONS 34400 LUNEL-VIEL FRANCE SIRET : 823 936 026 00017 APE : 5610C \u2013 Restauration de type rapide Forme juridique : SAS RCS Montpellier B 823 936 026 Directeur...","protected":false},"author":2,"featured_media":0,"parent":0,"menu_order":0,"comment_status":"closed","ping_status":"closed","template":"","meta":{"_seopress_robots_primary_cat":"","_seopress_titles_title":"","_seopress_titles_desc":"","_seopress_robots_index":"yes","footnotes":""},"class_list":["post-1958","page","type-page","status-publish","hentry"],"_links":{"self":[{"href":"https:\/\/www.lesdinettesaroulettes.com\/en\/wp-json\/wp\/v2\/pages\/1958","targetHints":{"allow":["GET"]}}],"collection":[{"href":"https:\/\/www.lesdinettesaroulettes.com\/en\/wp-json\/wp\/v2\/pages"}],"about":[{"href":"https:\/\/www.lesdinettesaroulettes.com\/en\/wp-json\/wp\/v2\/types\/page"}],"author":[{"embeddable":true,"href":"https:\/\/www.lesdinettesaroulettes.com\/en\/wp-json\/wp\/v2\/users\/2"}],"replies":[{"embeddable":true,"href":"https:\/\/www.lesdinettesaroulettes.com\/en\/wp-json\/wp\/v2\/comments?post=1958"}],"version-history":[{"count":0,"href":"https:\/\/www.lesdinettesaroulettes.com\/en\/wp-json\/wp\/v2\/pages\/1958\/revisions"}],"wp:attachment":[{"href":"https:\/\/www.lesdinettesaroulettes.com\/en\/wp-json\/wp\/v2\/media?parent=1958"}],"curies":[{"name":"wp","href":"https:\/\/api.w.org\/{rel}","templated":true}]}}