{"id":1962,"date":"2021-01-26T02:25:12","date_gmt":"2021-01-26T01:25:12","guid":{"rendered":"https:\/\/www.lesdinettesaroulettes.com\/?page_id=1962"},"modified":"2021-01-26T02:25:12","modified_gmt":"2021-01-26T01:25:12","slug":"privacy-policy","status":"publish","type":"page","link":"https:\/\/www.lesdinettesaroulettes.com\/en\/privacy-policy","title":{"rendered":"Privacy Policy"},"content":{"rendered":"<section class=\"l-section wpb_row height_medium\"><div class=\"l-section-h i-cf\"><div class=\"g-cols vc_row via_flex valign_top type_default stacking_default\"><div class=\"vc_col-sm-12 wpb_column vc_column_container\"><div class=\"vc_column-inner\"><div class=\"wpb_wrapper\"><div class=\"wpb_text_column\"><div class=\"wpb_wrapper\"><h1 style=\"text-align: center;\">Politique de Confidentialit\u00e9<\/h1>\n<p>Conform\u00e9ment aux dispositions de la l\u00e9gislation en vigueur sur la protection des donn\u00e9es personnelles, nous vous informons que vos donn\u00e9es seront int\u00e9gr\u00e9es dans le syst\u00e8me de traitement appartenant \u00e0\u00a0HAPPY DAY EVENTS dont le si\u00e8ge social se situe au \u00a0 212 RUE DES COMPAGNONS 34400 LUNEL-VIEL.<\/p>\n<h2>Conservation des donn\u00e9es<\/h2>\n<p>Conform\u00e9ment \u00e0 la r\u00e9glementation en vigueur, HAPPY DAY EVENTS vous informe que les donn\u00e9es seront conserv\u00e9es pendant la p\u00e9riode strictement n\u00e9cessaire \u00e0 leur traitement, en accord avec la r\u00e9glementation en vigueur localement. Par exemple, en accord avec la loi fran\u00e7aise, nous sommes dans l\u2019obligation de conserver les informations de paiement et facturation pour une p\u00e9riode de 10 ans.<br \/>\nJusqu&#8217;\u00e0 ce que vous nous informiez du contraire, nous comprenons que vos donn\u00e9es n&#8217;ont pas \u00e9t\u00e9 modifi\u00e9es, que vous acceptez de nous informer de tout changement et que nous avons votre consentement pour les utiliser aux fins mentionn\u00e9es.<\/p>\n<h2>Traitement des donn\u00e9es<\/h2>\n<p>HAPPY DAY EVENTS informe qu&#8217;il proc\u00e9dera au traitement des donn\u00e9es de mani\u00e8re l\u00e9gale, loyale, transparente, ad\u00e9quate, pertinente, limit\u00e9e, pr\u00e9cise et mise \u00e0 jour. C&#8217;est pourquoi HAPPY DAY EVENTS s&#8217;engage \u00e0 prendre toutes les mesures raisonnables pour que celles-ci soient supprim\u00e9es ou rectifi\u00e9es sans d\u00e9lai lorsqu&#8217;elles sont inexactes.<br \/>\nHAPPY DAY EVENTS traitera vos donn\u00e9es afin de remplir ses obligations contractuelles pour l\u2019impression de votre commande et la gestion de votre compte client. Sans ces donn\u00e9es, nous pourrions ne pas \u00eatre en mesure de traiter votre commande ou de facturer les produits command\u00e9s.<br \/>\nHAPPY DAY EVENTS traitera \u00e9galement vos informations pour vous envoyer des offres promotionnelles et des informations sur les produits si vous avez donn\u00e9 le consentement pour le faire. Vous pouvez retirer votre consentement \u00e0 recevoir des informations marketing et sur les produits \u00e0 tout moment en contactant le service client.<\/p>\n<h2>Type de donn\u00e9es recueillies, utilisation et dur\u00e9e de conservation<\/h2>\n<h3>Cookies<\/h3>\n<p>[cmplz-document type=&#8221;cookie-statement&#8221;]<\/p>\n<h3>Donn\u00e9es saisies dans nos formulaires de contact \/ demande de devis<\/h3>\n<p>Afin de pouvoir r\u00e9pondre aux demandes de nos utilisateurs, nous stockons dans les formulaires contacts et de demande de devis les donn\u00e9es saisies par l&#8217;utilisateur, qui peuvent notamment repr\u00e9senter les noms, pr\u00e9noms, adresse email et t\u00e9l\u00e9phone mais aussi curriculum vitae. Nous conservons \u00e9galement l&#8217;adresse IP de l&#8217;\u00e9metteur. La dur\u00e9e de conservation de ces donn\u00e9es est de 12 mois. Toutefois, en cas de spam ou de remplissage de formulaire non d\u00e9sir\u00e9, nous conservons l&#8217;adresse IP de l&#8217;utilisateur \u00e0 dur\u00e9e ind\u00e9termin\u00e9e, dans le cadre de notre lutte contre le spam, afin de bannir l&#8217;utilisateur source d&#8217;abus. Ces donn\u00e9es sont utilis\u00e9es \u00e0 but commercial dans le cas d&#8217;une demande de devis ou d&#8217;information commerciale. Elles ne sont transmises \u00e0 des tiers que lors d&#8217;une intervention de ces tiers comme sous-traitants. Ces derniers sont alors soumis aux m\u00eames r\u00e8gles de confidentialit\u00e9 que HAPPY DAY EVENTS et ne peuvent transmettre, r\u00e9utiliser ou conserver ces donn\u00e9es hors du contrat de confidentialit\u00e9 et d&#8217;utilisation des donn\u00e9es pass\u00e9 entre HAPPY DAY EVENTS et l&#8217;utilisateur.<\/p>\n<h3>Donn\u00e9es fournies dans le cadre de l&#8217;inscription \u00e0 la newsletter<\/h3>\n<p>Les donn\u00e9es fournies lors de l&#8217;inscription \u00e0 la newsletter, \u00e0 savoir l&#8217;email et optionnellement les nom et pr\u00e9nom sont conserv\u00e9es sans limite de dur\u00e9e sans action sp\u00e9cifique de l&#8217;utilisateur. Une fois l&#8217;inscription valid\u00e9e par l&#8217;utilisateur, ce dernier peut r\u00e9silier \u00e0 tout moment son abonnement. En cas de d\u00e9sabonnement, ses donn\u00e9es sont supprim\u00e9es.<\/p>\n<h3>Donn\u00e9es fournies dans le cadre de ventes en ligne<\/h3>\n<p>Les donn\u00e9es de compte utilisateur, d\u00e9tails des achats, adresse de livraison sont conserv\u00e9es \u00e0 dur\u00e9e illimit\u00e9e. L&#8217;utilisateur a acc\u00e8s \u00e0 la rectification ou \u00e0 la suppression de ses donn\u00e9es via son compte utilisateur. Lors de la suppression de son compte, l&#8217;int\u00e9gralit\u00e9 des donn\u00e9es est supprim\u00e9e du site internet. L&#8217;utilisateur est inform\u00e9 que lors de la suppression de ses donn\u00e9es, il n&#8217;aura plus acc\u00e8s \u00e0 ses factures ni \u00e0 l&#8217;historique de ses achats sur le site internet.<\/p>\n<p>A des fins d&#8217;obligations comptables, les donn\u00e9es de facturation seront toutefois conserv\u00e9es 10 ans par\u00a0HAPPY DAY EVENTS \u00e0 compter de la cl\u00f4ture du bilan comptable en cours.<\/p>\n<h2>Droit des utilisateurs<\/h2>\n<p>Conform\u00e9ment aux droits conf\u00e9r\u00e9s par la r\u00e9glementation actuelle sur la protection des donn\u00e9es, vous pouvez exercer vos droits d&#8217;acc\u00e8s, de rectification, de limitation de traitement, de suppression, de portabilit\u00e9 et d&#8217;opposition au traitement de vos donn\u00e9es personnelles en adressant votre demande \u00e0 l&#8217;adresse postale indiqu\u00e9e ci-dessus ou via le <a href=\"\/contact\/\">formulaire contact<\/a>. Vous pouvez vous adresser \u00e0 l&#8217;autorit\u00e9 de contr\u00f4le comp\u00e9tente (CNIL) pour pr\u00e9senter la r\u00e9clamation que vous jugez appropri\u00e9e.<\/p>\n<h2>Transfert des donn\u00e9es<\/h2>\n<p>HAPPY DAY EVENTS informe qu\u2019elle peut proc\u00e9der \u00e0 un transfert des donn\u00e9es lorsqu\u2019il le sera n\u00e9cessaire (par exemple aux sous-traitants &#8211; d\u00e9veloppeurs, photographes, graphistes&#8230;).<br \/>\nCe transfert de donn\u00e9es s&#8217;effectuera dans le respect des garanties, mesures et droits pr\u00e9vus par la l\u00e9gislation en vigueur sur la protection des donn\u00e9es personnelles et en accord avec cette politique de confidentialit\u00e9 et l\u2019accord de transfert des donn\u00e9es de HAPPY DAY EVENTS.<\/p>\n<h2>Changements apport\u00e9s \u00e0 cette Politique de Confidentialit\u00e9<\/h2>\n<p>Cette politique de confidentialit\u00e9 a \u00e9t\u00e9 mise \u00e0 jour le <strong>14\/02\/2020<\/strong>. De temps en temps,\u00a0HAPPY DAY EVENTS est susceptible d\u2019apporter des modifications \u00e0 sa politique de confidentialit\u00e9 et la mettre \u00e0 jour sur son site web. Nous nous r\u00e9servons le droit de mettre \u00e0 jour notre politique de confidentialit\u00e9 \u00e0 tout moment et nous vous recommandons de la consulter fr\u00e9quemment.<\/p>\n<\/div><\/div><\/div><\/div><\/div><\/div><\/div><\/section>\n","protected":false},"excerpt":{"rendered":"Politique de Confidentialit\u00e9 Conform\u00e9ment aux dispositions de la l\u00e9gislation en vigueur sur la protection des donn\u00e9es personnelles, nous vous informons que vos donn\u00e9es seront int\u00e9gr\u00e9es dans le syst\u00e8me de traitement appartenant \u00e0\u00a0HAPPY DAY EVENTS dont le si\u00e8ge social se situe au \u00a0 212 RUE DES COMPAGNONS 34400 LUNEL-VIEL. Conservation des donn\u00e9es Conform\u00e9ment \u00e0 la r\u00e9glementation...","protected":false},"author":2,"featured_media":0,"parent":0,"menu_order":0,"comment_status":"closed","ping_status":"closed","template":"","meta":{"_seopress_robots_primary_cat":"","_seopress_titles_title":"","_seopress_titles_desc":"","_seopress_robots_index":"yes","footnotes":""},"class_list":["post-1962","page","type-page","status-publish","hentry"],"_links":{"self":[{"href":"https:\/\/www.lesdinettesaroulettes.com\/en\/wp-json\/wp\/v2\/pages\/1962","targetHints":{"allow":["GET"]}}],"collection":[{"href":"https:\/\/www.lesdinettesaroulettes.com\/en\/wp-json\/wp\/v2\/pages"}],"about":[{"href":"https:\/\/www.lesdinettesaroulettes.com\/en\/wp-json\/wp\/v2\/types\/page"}],"author":[{"embeddable":true,"href":"https:\/\/www.lesdinettesaroulettes.com\/en\/wp-json\/wp\/v2\/users\/2"}],"replies":[{"embeddable":true,"href":"https:\/\/www.lesdinettesaroulettes.com\/en\/wp-json\/wp\/v2\/comments?post=1962"}],"version-history":[{"count":0,"href":"https:\/\/www.lesdinettesaroulettes.com\/en\/wp-json\/wp\/v2\/pages\/1962\/revisions"}],"wp:attachment":[{"href":"https:\/\/www.lesdinettesaroulettes.com\/en\/wp-json\/wp\/v2\/media?parent=1962"}],"curies":[{"name":"wp","href":"https:\/\/api.w.org\/{rel}","templated":true}]}}