{"id":1964,"date":"2021-01-26T02:32:02","date_gmt":"2021-01-26T01:32:02","guid":{"rendered":"https:\/\/www.lesdinettesaroulettes.com\/?page_id=1964"},"modified":"2021-01-26T02:32:02","modified_gmt":"2021-01-26T01:32:02","slug":"testimonials","status":"publish","type":"page","link":"https:\/\/www.lesdinettesaroulettes.com\/en\/testimonials","title":{"rendered":"Testimonials"},"content":{"rendered":"<section class=\"l-section wpb_row height_huge with_img parallax_fixed\"><div class=\"l-section-img\" role=\"img\" aria-label=\"Nos Mariages R\u00e9alis\u00e9s\" data-img-width=\"1920\" data-img-height=\"1440\" style=\"background-image: url(https:\/\/www.lesdinettesaroulettes.com\/wp-content\/uploads\/2020\/01\/nos-mariages-realises.jpg);background-position: top center;\"><\/div><div class=\"l-section-overlay\" style=\"background:rgba(84,57,68,0.8)\"><\/div><div class=\"l-section-h i-cf\"><div class=\"g-cols vc_row via_flex valign_middle type_default stacking_default\"><div class=\"vc_col-sm-12 wpb_column vc_column_container\"><div class=\"vc_column-inner\"><div class=\"wpb_wrapper\">[vc_custom_heading text=&#8221;NOS T\u00c9MOIGNAGES&#8221; font_container=&#8221;tag:h1|text_align:center&#8221; google_fonts=&#8221;font_family:Montserrat%3Aregular%2C700|font_style:700%20bold%20regular%3A700%3Anormal&#8221; css=&#8221;%7B%22default%22%3A%7B%22color%22%3A%22%23ffffff%22%2C%22font-size%22%3A%222em%22%2C%22letter-spacing%22%3A%225px%22%7D%7D&#8221;]<div class=\"w-image align_center\"><div class=\"w-image-h\"><img decoding=\"async\" width=\"60\" height=\"43\" src=\"https:\/\/www.lesdinettesaroulettes.com\/wp-content\/uploads\/2020\/01\/branche-olivier-decoration-mariage-boheme-vintage.png\" class=\"attachment-full size-full\" alt=\"\" loading=\"lazy\" \/><\/div><\/div><\/div><\/div><\/div><\/div><\/div><\/section><section class=\"l-section wpb_row us_custom_29930c3d height_medium\"><div class=\"l-section-h i-cf\"><div class=\"g-cols vc_row via_flex valign_top type_default stacking_default\"><div class=\"vc_col-sm-12 wpb_column vc_column_container\"><div class=\"vc_column-inner\"><div class=\"wpb_wrapper\"><div class=\"w-image grayscale style_shadow-1 align_center\"><div class=\"w-image-h\"><img decoding=\"async\" width=\"1140\" height=\"761\" src=\"https:\/\/www.lesdinettesaroulettes.com\/wp-content\/uploads\/2021\/01\/dinette-a-roulettes-08-1198x800.jpg\" class=\"attachment-large size-large\" alt=\"\" loading=\"lazy\" srcset=\"https:\/\/www.lesdinettesaroulettes.com\/wp-content\/uploads\/2021\/01\/dinette-a-roulettes-08-1198x800.jpg 1198w, https:\/\/www.lesdinettesaroulettes.com\/wp-content\/uploads\/2021\/01\/dinette-a-roulettes-08-599x400.jpg 599w, https:\/\/www.lesdinettesaroulettes.com\/wp-content\/uploads\/2021\/01\/dinette-a-roulettes-08-1536x1025.jpg 1536w, https:\/\/www.lesdinettesaroulettes.com\/wp-content\/uploads\/2021\/01\/dinette-a-roulettes-08-2048x1367.jpg 2048w, https:\/\/www.lesdinettesaroulettes.com\/wp-content\/uploads\/2021\/01\/dinette-a-roulettes-08-600x400.jpg 600w\" sizes=\"auto, (max-width: 1140px) 100vw, 1140px\" \/><\/div><\/div><\/div><\/div><\/div><\/div><\/div><\/section><section class=\"l-section wpb_row height_medium\"><div class=\"l-section-h i-cf\"><div class=\"g-cols vc_row via_flex valign_top type_default stacking_default\"><div class=\"vc_col-sm-12 wpb_column vc_column_container\"><div class=\"vc_column-inner\"><div class=\"wpb_wrapper\"><div class=\"w-grid us_grid type_grid layout_testimonial_3 cols_3 preload_style_spinner\" id=\"us_grid_1\" style=\"--columns:3;--gap:1.5rem;\" data-filterable=\"true\"><style>@media (max-width:1024px){#us_grid_1{--columns:2!important}}@media (max-width:600px){#us_grid_1{--columns:1!important}}.layout_testimonial_3 .w-grid-item-h{}.layout_testimonial_3 .usg_post_custom_field_3{transition-duration:0.3s;transform-origin:50% 50%;transform:scale(1) translate(0%,0%);opacity:0.2}.layout_testimonial_3 .w-grid-item-h:focus-within .usg_post_custom_field_3,.layout_testimonial_3 .w-grid-item-h:hover .usg_post_custom_field_3{transform:scale(1) translate(0%,0%);opacity:0.2}.layout_testimonial_3 .usg_post_image_1{width:4rem!important;margin-right:1rem!important}.layout_testimonial_3 .usg_post_custom_field_1{font-weight:700!important;line-height:1.5!important;margin-bottom:0!important}.layout_testimonial_3 .usg_post_custom_field_2{color:var(--color-content-faded)!important;font-size:0.9rem!important;line-height:1.5!important}.layout_testimonial_3 .usg_vwrapper_2{padding-left:2rem!important}.layout_testimonial_3 .usg_post_custom_field_3{font-size:1.4rem!important;line-height:1!important;position:absolute!important;top:0!important;left:0!important}<\/style><div class=\"w-grid-list\">\t<article class=\"w-grid-item size_1x1 post-2206 us_testimonial type-us_testimonial status-publish hentry\" data-id=\"2206\">\r\n\t\t<div class=\"w-grid-item-h\">\r\n\t\t\t\t\t\t<div class=\"w-vwrapper usg_vwrapper_2 align_none valign_top\" style=\"--vwrapper-gap:0.7rem\"><div class=\"w-post-elm post_custom_field usg_post_custom_field_3 type_text  color_link_inherit\"><i class=\"far fa-quote-left\"><\/i><span class=\"w-post-elm-value\"><\/span><\/div><div class=\"w-post-elm post_content usg_post_content_1\"><p>Parfait du d\u00e9but \u00e0 la fin. Vous avez permis de faire de notre mariage un moment inoubliable et je vous eb remercie.L&#8217;\u00e9quipe est agr\u00e9able et comp\u00e9tente.La nourriture excellente et le concept unique.Nous avons \u00e9t\u00e9 conquis ainsi que nos invit\u00e9s.Merci pour tout<\/p>\n<\/div><div class=\"w-hwrapper usg_hwrapper_1 align_none valign_middle\" style=\"--hwrapper-gap:1.2rem\"><div class=\"w-vwrapper usg_vwrapper_1 align_none valign_top\" style=\"--vwrapper-gap:0.7rem\"><div class=\"w-post-elm post_custom_field usg_post_custom_field_1 type_text us_testimonial_author\"><span class=\"w-post-elm-value\">John Doe<\/span><\/div><div class=\"w-post-elm post_custom_field usg_post_custom_field_2 has_text_color type_text us_testimonial_role color_link_inherit\"><span class=\"w-post-elm-value\"><\/span><\/div><\/div><\/div><\/div>\t\t<\/div>\r\n\t\t\t<\/article>\r\n\t<article class=\"w-grid-item size_1x1 post-2205 us_testimonial type-us_testimonial status-publish hentry\" data-id=\"2205\">\r\n\t\t<div class=\"w-grid-item-h\">\r\n\t\t\t\t\t\t<div class=\"w-vwrapper usg_vwrapper_2 align_none valign_top\" style=\"--vwrapper-gap:0.7rem\"><div class=\"w-post-elm post_custom_field usg_post_custom_field_3 type_text  color_link_inherit\"><i class=\"far fa-quote-left\"><\/i><span class=\"w-post-elm-value\"><\/span><\/div><div class=\"w-post-elm post_content usg_post_content_1\"><p>G\u00e9niaux du d\u00e9but \u00e0 la fin &#8230; On a d abord carr\u00e9ment craqu\u00e9 pour le concept Puis on a compl\u00e8tement \u00e9t\u00e9 conquis lors de la d\u00e9gustation ! Le jour de notre mariage on s est vraiment laiss\u00e9s couler , aucun stress tout \u00e9tait top ! Tout \u00e9tait tr\u00e8s beau et tr\u00e8s bon !<\/p>\n<\/div><div class=\"w-hwrapper usg_hwrapper_1 align_none valign_middle\" style=\"--hwrapper-gap:1.2rem\"><div class=\"w-vwrapper usg_vwrapper_1 align_none valign_top\" style=\"--vwrapper-gap:0.7rem\"><div class=\"w-post-elm post_custom_field usg_post_custom_field_1 type_text us_testimonial_author\"><span class=\"w-post-elm-value\">John Doe<\/span><\/div><div class=\"w-post-elm post_custom_field usg_post_custom_field_2 has_text_color type_text us_testimonial_role color_link_inherit\"><span class=\"w-post-elm-value\"><\/span><\/div><\/div><\/div><\/div>\t\t<\/div>\r\n\t\t\t<\/article>\r\n\t<article class=\"w-grid-item size_1x1 post-2204 us_testimonial type-us_testimonial status-publish hentry\" data-id=\"2204\">\r\n\t\t<div class=\"w-grid-item-h\">\r\n\t\t\t\t\t\t<div class=\"w-vwrapper usg_vwrapper_2 align_none valign_top\" style=\"--vwrapper-gap:0.7rem\"><div class=\"w-post-elm post_custom_field usg_post_custom_field_3 type_text  color_link_inherit\"><i class=\"far fa-quote-left\"><\/i><span class=\"w-post-elm-value\"><\/span><\/div><div class=\"w-post-elm post_content usg_post_content_1\"><p style=\"text-align: left;\">Les d\u00eenettes \u00e0 roulettes ont contribu\u00e9 \u00e0 rendre notre mariage parfait en nous r\u00e9galant les papilles. Je vous recommande \u00e0 100 % autant pour le vin d&#8217;honneur, le repas et le brunch du lendemain. Nos invit\u00e9s ont \u00e9t\u00e9 enchant\u00e9s et m\u00eame bluff\u00e9s ! Un grand MERCI !<\/p>\n<\/div><div class=\"w-hwrapper usg_hwrapper_1 align_none valign_middle\" style=\"--hwrapper-gap:1.2rem\"><div class=\"w-vwrapper usg_vwrapper_1 align_none valign_top\" style=\"--vwrapper-gap:0.7rem\"><div class=\"w-post-elm post_custom_field usg_post_custom_field_1 type_text us_testimonial_author\"><span class=\"w-post-elm-value\">John Doe<\/span><\/div><div class=\"w-post-elm post_custom_field usg_post_custom_field_2 has_text_color type_text us_testimonial_role color_link_inherit\"><span class=\"w-post-elm-value\"><\/span><\/div><\/div><\/div><\/div>\t\t<\/div>\r\n\t\t\t<\/article>\r\n<\/div>\t<div class=\"w-grid-preloader\">\r\n\t\t<div class=\"g-preloader type_1\">\r\n\t\t\t<div><\/div>\r\n\t\t<\/div>\r\n\t<\/div>\r\n\t\t<div class=\"w-grid-json hidden\" onclick='return {&quot;action&quot;:&quot;us_ajax_grid&quot;,&quot;infinite_scroll&quot;:0,&quot;max_num_pages&quot;:1,&quot;pagination&quot;:&quot;none&quot;,&quot;template_vars&quot;:{&quot;columns&quot;:&quot;3&quot;,&quot;exclude_items&quot;:&quot;none&quot;,&quot;img_size&quot;:&quot;default&quot;,&quot;ignore_items_size&quot;:0,&quot;items_layout&quot;:&quot;testimonial_3&quot;,&quot;items_offset&quot;:&quot;1&quot;,&quot;load_animation&quot;:&quot;none&quot;,&quot;overriding_link&quot;:&quot;{\\&quot;url\\&quot;:\\&quot;\\&quot;}&quot;,&quot;post_id&quot;:0,&quot;query_args&quot;:{&quot;post_type&quot;:[&quot;us_testimonial&quot;],&quot;post_status&quot;:[&quot;publish&quot;],&quot;posts_per_page&quot;:&quot;100&quot;},&quot;orderby_query_args&quot;:{&quot;orderby&quot;:{&quot;date&quot;:&quot;DESC&quot;}},&quot;type&quot;:&quot;grid&quot;,&quot;us_grid_post_type&quot;:&quot;us_testimonial&quot;,&quot;us_grid_ajax_index&quot;:1,&quot;us_grid_filter_query_string&quot;:null,&quot;us_grid_index&quot;:1,&quot;page_args&quot;:[],&quot;lang&quot;:&quot;en&quot;}}'><\/div>\r\n\t<\/div><\/div><\/div><\/div><\/div><\/div><\/section>\n","protected":false},"excerpt":{"rendered":"Les d\u00eenettes \u00e0 roulettes ont contribu\u00e9 \u00e0 rendre notre mariage parfait en nous r\u00e9galant les papilles. Je vous recommande \u00e0 100 % autant pour le vin d'honneur, le repas et le brunch du lendemain. Nos invit\u00e9s ont \u00e9t\u00e9 enchant\u00e9s et m\u00eame bluff\u00e9s ! Un grand MERCI !","protected":false},"author":2,"featured_media":2199,"parent":0,"menu_order":0,"comment_status":"closed","ping_status":"closed","template":"","meta":{"_seopress_robots_primary_cat":"","_seopress_titles_title":"","_seopress_titles_desc":"","_seopress_robots_index":"","footnotes":""},"class_list":["post-1964","page","type-page","status-publish","has-post-thumbnail","hentry"],"_links":{"self":[{"href":"https:\/\/www.lesdinettesaroulettes.com\/en\/wp-json\/wp\/v2\/pages\/1964","targetHints":{"allow":["GET"]}}],"collection":[{"href":"https:\/\/www.lesdinettesaroulettes.com\/en\/wp-json\/wp\/v2\/pages"}],"about":[{"href":"https:\/\/www.lesdinettesaroulettes.com\/en\/wp-json\/wp\/v2\/types\/page"}],"author":[{"embeddable":true,"href":"https:\/\/www.lesdinettesaroulettes.com\/en\/wp-json\/wp\/v2\/users\/2"}],"replies":[{"embeddable":true,"href":"https:\/\/www.lesdinettesaroulettes.com\/en\/wp-json\/wp\/v2\/comments?post=1964"}],"version-history":[{"count":0,"href":"https:\/\/www.lesdinettesaroulettes.com\/en\/wp-json\/wp\/v2\/pages\/1964\/revisions"}],"wp:featuredmedia":[{"embeddable":true,"href":"https:\/\/www.lesdinettesaroulettes.com\/en\/wp-json\/wp\/v2\/media\/2199"}],"wp:attachment":[{"href":"https:\/\/www.lesdinettesaroulettes.com\/en\/wp-json\/wp\/v2\/media?parent=1964"}],"curies":[{"name":"wp","href":"https:\/\/api.w.org\/{rel}","templated":true}]}}